{"id":2277,"date":"2021-12-07T11:05:41","date_gmt":"2021-12-07T10:05:41","guid":{"rendered":"https:\/\/dev.privacy-lawyers.de\/?page_id=2277"},"modified":"2022-01-24T13:19:29","modified_gmt":"2022-01-24T12:19:29","slug":"data-protection-statement","status":"publish","type":"page","link":"https:\/\/dev.privacy-lawyers.de\/de\/data-protection-statement\/","title":{"rendered":"Datenschutz"},"content":{"rendered":"<div data-elementor-type=\"wp-page\" data-elementor-id=\"2277\" class=\"elementor elementor-2277\">\n\t\t\t\t\t\t<section class=\"elementor-section elementor-top-section elementor-element elementor-element-0be66c0 elementor-section-full_width elementor-section-height-min-height elementor-section-height-default elementor-section-items-middle\" data-id=\"0be66c0\" data-element_type=\"section\" data-e-type=\"section\">\n\t\t\t\t\t\t<div class=\"elementor-container elementor-column-gap-no\">\n\t\t\t\t\t<div class=\"elementor-column elementor-col-100 elementor-top-column elementor-element elementor-element-dcbd9c7\" data-id=\"dcbd9c7\" data-element_type=\"column\" data-e-type=\"column\">\n\t\t\t<div class=\"elementor-widget-wrap elementor-element-populated\">\n\t\t\t\t\t\t<div class=\"elementor-element elementor-element-21e301e elementor-widget elementor-widget-template\" data-id=\"21e301e\" data-element_type=\"widget\" data-e-type=\"widget\" data-widget_type=\"template.default\">\n\t\t\t\t<div class=\"elementor-widget-container\">\n\t\t\t\t\t\t\t<div class=\"elementor-template\">\n\t\t\t\t\t<div data-elementor-type=\"header\" data-elementor-id=\"2100\" class=\"elementor elementor-2100\">\n\t\t<div class=\"elementor-section-wrap\">\n\t\t\t\t\t<section class=\"elementor-section elementor-top-section elementor-element elementor-element-1a404260 elementor-section-full_width elementor-section-height-min-height elementor-section-height-default elementor-section-items-middle\" data-id=\"1a404260\" data-element_type=\"section\" data-e-type=\"section\" data-settings=\"{&quot;sticky&quot;:&quot;top&quot;,&quot;sticky_on&quot;:[&quot;desktop&quot;,&quot;tablet&quot;,&quot;mobile&quot;],&quot;sticky_offset&quot;:0,&quot;sticky_effects_offset&quot;:0}\">\n\t\t\t\t\t\t<div class=\"elementor-container elementor-column-gap-no\">\n\t\t\t\t\t<div class=\"elementor-column elementor-col-50 elementor-top-column elementor-element elementor-element-17a2b983\" data-id=\"17a2b983\" data-element_type=\"column\" data-e-type=\"column\">\n\t\t\t<div class=\"elementor-widget-wrap elementor-element-populated\">\n\t\t\t\t\t\t<div class=\"elementor-element elementor-element-2085c443 logo elementor-widget elementor-widget-image\" data-id=\"2085c443\" data-element_type=\"widget\" data-e-type=\"widget\" data-widget_type=\"image.default\">\n\t\t\t\t<div class=\"elementor-widget-container\">\n\t\t\t\t\t\t\t\t\t\t\t\t\t\t\t\t<a href=\"\/de\/\">\n\t\t\t\t\t\t\t<img fetchpriority=\"high\" decoding=\"async\" width=\"678\" height=\"219\" src=\"https:\/\/dev.privacy-lawyers.de\/wp-content\/uploads\/2021\/11\/logo-privacy-lawyers.svg\" class=\"attachment-full size-full wp-image-2269\" alt=\"\" \/>\t\t\t\t\t\t\t\t<\/a>\n\t\t\t\t\t\t\t\t\t\t\t\t\t\t\t<\/div>\n\t\t\t\t<\/div>\n\t\t\t\t\t<\/div>\n\t\t<\/div>\n\t\t\t\t<div class=\"elementor-column elementor-col-50 elementor-top-column elementor-element elementor-element-d798f2d\" data-id=\"d798f2d\" data-element_type=\"column\" data-e-type=\"column\">\n\t\t\t<div class=\"elementor-widget-wrap elementor-element-populated\">\n\t\t\t\t\t\t<div class=\"elementor-element elementor-element-6b35d568 elementor-align-center elementor-widget__width-initial elementor-tablet-align-center elementor-widget-tablet__width-initial elementor-widget elementor-widget-button\" data-id=\"6b35d568\" data-element_type=\"widget\" data-e-type=\"widget\" data-widget_type=\"button.default\">\n\t\t\t\t<div class=\"elementor-widget-container\">\n\t\t\t\t\t\t\t\t\t<div class=\"elementor-button-wrapper\">\n\t\t\t\t\t<a class=\"elementor-button elementor-button-link elementor-size-md\" href=\"#contact\">\n\t\t\t\t\t\t<span class=\"elementor-button-content-wrapper\">\n\t\t\t\t\t\t\t\t\t<span class=\"elementor-button-text\">Kontakt<\/span>\n\t\t\t\t\t<\/span>\n\t\t\t\t\t<\/a>\n\t\t\t\t<\/div>\n\t\t\t\t\t\t\t\t<\/div>\n\t\t\t\t<\/div>\n\t\t\t\t\t<\/div>\n\t\t<\/div>\n\t\t\t\t\t<\/div>\n\t\t<\/section>\n\t\t\t\t<\/div>\n\t\t<\/div>\n\t\t\t\t<\/div>\n\t\t\t\t\t\t<\/div>\n\t\t\t\t<\/div>\n\t\t\t\t\t<\/div>\n\t\t<\/div>\n\t\t\t\t\t<\/div>\n\t\t<\/section>\n\t\t\t\t<section class=\"elementor-section elementor-top-section elementor-element elementor-element-8571095 elementor-section-height-min-height elementor-section-boxed elementor-section-height-default elementor-section-items-middle\" data-id=\"8571095\" data-element_type=\"section\" data-e-type=\"section\" data-settings=\"{&quot;background_background&quot;:&quot;classic&quot;}\">\n\t\t\t\t\t\t<div class=\"elementor-container elementor-column-gap-default\">\n\t\t\t\t\t<div class=\"elementor-column elementor-col-100 elementor-top-column elementor-element elementor-element-3e83933\" data-id=\"3e83933\" data-element_type=\"column\" data-e-type=\"column\">\n\t\t\t<div class=\"elementor-widget-wrap\">\n\t\t\t\t\t\t\t<\/div>\n\t\t<\/div>\n\t\t\t\t\t<\/div>\n\t\t<\/section>\n\t\t\t\t<section class=\"elementor-section elementor-top-section elementor-element elementor-element-97e0b1e elementor-section-height-min-height elementor-section-boxed elementor-section-height-default elementor-section-items-middle\" data-id=\"97e0b1e\" data-element_type=\"section\" data-e-type=\"section\">\n\t\t\t\t\t\t<div class=\"elementor-container elementor-column-gap-no\">\n\t\t\t\t\t<div class=\"elementor-column elementor-col-100 elementor-top-column elementor-element elementor-element-39eb1ed\" data-id=\"39eb1ed\" data-element_type=\"column\" data-e-type=\"column\">\n\t\t\t<div class=\"elementor-widget-wrap elementor-element-populated\">\n\t\t\t\t\t\t<div class=\"elementor-element elementor-element-d59c0f2 elementor-widget elementor-widget-button\" data-id=\"d59c0f2\" data-element_type=\"widget\" data-e-type=\"widget\" data-widget_type=\"button.default\">\n\t\t\t\t<div class=\"elementor-widget-container\">\n\t\t\t\t\t\t\t\t\t<div class=\"elementor-button-wrapper\">\n\t\t\t\t\t<a class=\"elementor-button elementor-button-link elementor-size-md\" href=\"https:\/\/dev.privacy-lawyers.de\/de\/\">\n\t\t\t\t\t\t<span class=\"elementor-button-content-wrapper\">\n\t\t\t\t\t\t<span class=\"elementor-button-icon\">\n\t\t\t\t<i aria-hidden=\"true\" class=\"fas fa-arrow-left\"><\/i>\t\t\t<\/span>\n\t\t\t\t\t\t\t\t\t<span class=\"elementor-button-text\">Zur\u00fcck zur Startseite<\/span>\n\t\t\t\t\t<\/span>\n\t\t\t\t\t<\/a>\n\t\t\t\t<\/div>\n\t\t\t\t\t\t\t\t<\/div>\n\t\t\t\t<\/div>\n\t\t\t\t<div class=\"elementor-element elementor-element-4d2f513 elementor-widget elementor-widget-heading\" data-id=\"4d2f513\" data-element_type=\"widget\" data-e-type=\"widget\" data-widget_type=\"heading.default\">\n\t\t\t\t<div class=\"elementor-widget-container\">\n\t\t\t\t\t<h2 class=\"elementor-heading-title elementor-size-default\"><font face=\"freigeist wide bold\">Date Protection Statement<\/font><\/h2>\t\t\t\t<\/div>\n\t\t\t\t<\/div>\n\t\t\t\t<div class=\"elementor-element elementor-element-e43bf0f elementor-widget elementor-widget-text-editor\" data-id=\"e43bf0f\" data-element_type=\"widget\" data-e-type=\"widget\" data-widget_type=\"text-editor.default\">\n\t\t\t\t<div class=\"elementor-widget-container\">\n\t\t\t\t\t\t\t\t\t<p class=\"p1\"><b>Datenschutz<\/b><\/p>\n<p class=\"p3\"><b>\u00a7 1 INFORMATION \u00dcBER DIE ERHEBUNG PERSONENBEZOGENER DATEN<\/b><\/p>\n<p class=\"p4\">(1) Im Folgenden informieren wir Sie \u00fcber die Erhebung personenbezogener Daten bei der Nutzung unserer Website. Personenbezogene Daten sind alle Daten, die auf Sie pers\u00f6nlich beziehbar sind, wie z. B. Name, Adresse, E-Mail-Adresse, Nutzerverhalten.<\/p>\n<p class=\"p5\">(2) &nbsp;The controller pursuant to Article 4 (7) EU General Data Protection Regulation (GDPR) is Wodianka privacy lawyers, Dockenhudener Stra\u00dfe 12a, 22587 Hamburg\/ Germany, contact@privacy-lawyers.de. For data protection requests please contact Dr. Volker Wodianka, LL.M. at&nbsp;<a href=\"mailto:volker.wodianka@privacy-lawyers.\"><span class=\"s1\">volker.wodianka@privacy-lawyers.<\/span><\/a>de or at our postal address.<\/p>\n<p class=\"p4\">(3) Bei Ihrer Kontaktaufnahme mit uns per E-Mail oder \u00fcber ein Kontaktformular werden die von Ihnen mitgeteilten Daten (Ihre E-Mail-Adresse, ggf. Ihr Name und Ihre Telefonnummer sowie der Inhalt Ihrer Nachricht) von uns gespeichert, um Ihre Fragen zu beantworten. Die in diesem Zusammenhang anfallenden Daten l\u00f6schen wir, nachdem die Speicherung nicht mehr erforderlich ist, oder schr\u00e4nken die Verarbeitung ein, falls gesetzliche Aufbewahrungspflichten bestehen.<\/p>\n<p class=\"p5\"><b>\u00a7 2 IHRE RECHTE<\/b><\/p>\n<p class=\"p5\">(1) Sie haben gegen\u00fcber uns folgende Rechte hinsichtlich der Sie betreffenden personenbezogenen Daten:<\/p>\n<ul class=\"ul1\">\n<li class=\"li5\">Recht auf Auskunft,<\/li>\n<li class=\"li5\">Recht auf Berichtigung oder L\u00f6schung<\/li>\n<li class=\"li5\">Recht auf Einschr\u00e4nkung der Verarbeitung<\/li>\n<li class=\"li5\">Recht auf Widerspruch gegen die Verarbeitung<\/li>\n<li class=\"li5\">Recht auf Daten\u00fcbertragbarkeit<\/li>\n<\/ul>\n<p class=\"p5\">(2) Sie haben zudem das Recht, sich bei einer Datenschutz-Aufsichtsbeh\u00f6rde \u00fcber die Verarbeitung Ihrer personenbezogenen Daten durch uns zu beschweren.<\/p>\n<p class=\"p5\"><b>\u00a7 3 WIDERSPRUCH ODER WIDERRUF GEGEN DIE VERARBEITUNG IHRER DATEN<span class=\"Apple-converted-space\">&nbsp;<\/span><\/b><\/p>\n<p class=\"p5\">(1) Falls Sie eine Einwilligung zur Verarbeitung Ihrer Daten erteilt haben, k\u00f6nnen Sie diese jederzeit widerrufen. Ein solcher Widerruf beeinflusst die Zul\u00e4ssigkeit der Verarbeitung Ihrer personenbezogenen Daten, nachdem Sie ihn gegen\u00fcber uns ausgesprochen haben.<\/p>\n<p class=\"p5\">(2) Soweit wir die Verarbeitung Ihrer personenbezogenen Daten auf die Interessenabw\u00e4gung st\u00fctzen, k\u00f6nnen Sie Widerspruch gegen die Verarbeitung einlegen. Dies ist der Fall, wenn die Verarbeitung insbesondere nicht zur Erf\u00fcllung eines Vertrags mit Ihnen erforderlich ist, was von uns jeweils bei der nachfolgenden Beschreibung der Funktionen dargestellt wird. Bei Aus\u00fcbung eines solchen Widerspruchs bitten wir um Darlegung der Gr\u00fcnde, weshalb wir Ihre personenbezogenen Daten nicht wie von uns durchgef\u00fchrt verarbeiten sollten. Im Falle Ihres begr\u00fcndeten Widerspruchs pr\u00fcfen wir die Sachlage und werden entweder die Datenverarbeitung einstellen bzw. anpassen oder Ihnen unsere zwingenden schutzw\u00fcrdigen Gr\u00fcnde aufzeigen, aufgrund derer wir die Verarbeitung fortf\u00fchren.<\/p>\n<p class=\"p5\"><b>\u00a7 4 ERHEBUNG PERSONENBEZOGENER DATEN BEI BESUCH UNSERER WEBSITE<\/b><\/p>\n<p class=\"p5\">(1) Bei der blo\u00df informatorischen Nutzung der Website, also wenn Sie sich nicht registrieren oder uns anderweitig Informationen \u00fcbermitteln, erheben wir nur die personenbezogenen Daten, die Ihr Browser an unseren Server \u00fcbermittelt. Wenn Sie unsere Website betrachten m\u00f6chten, erheben wir die folgenden Daten, die f\u00fcr uns technisch erforderlich sind, um Ihnen unsere Website anzuzeigen und die Stabilit\u00e4t und Sicherheit zu gew\u00e4hrleisten (Rechtsgrundlage ist Art. 6 Abs. 1 S. 1 lit. f) DS-GVO):<\/p>\n<ul class=\"ul1\">\n<li class=\"li7\">IP-Adresse<\/li>\n<li class=\"li7\">Zeitzonendifferenz zur Greenwich Mean Time (GMT)<\/li>\n<li class=\"li7\">Inhalt der Anforderung (konkrete Seite)<\/li>\n<li class=\"li7\">Zugriffsstatus\/HTTP-Statuscode<\/li>\n<li class=\"li7\">Jeweils \u00fcbertragene Datenmenge<\/li>\n<li class=\"li7\">Website, von der die Anforderung kommt<\/li>\n<li class=\"li7\">Browser<\/li>\n<li class=\"li7\">Betriebssystem und dessen Oberfl\u00e4che<\/li>\n<li class=\"li7\">Sprache und Version der Browsersoftware<\/li>\n<\/ul>\n<p class=\"p5\"><b>\u00a7 5 WEITERE FUNKTIONEN UND ANGEBOTE UNSERER WEBSITE<\/b><\/p>\n<p class=\"p5\">(1) Teilweise bedienen wir uns zur Verarbeitung Ihrer Daten externer Dienstleister. Diese wurden von uns sorgf\u00e4ltig ausgew\u00e4hlt und beauftragt, sind an unsere Weisungen gebunden und werden regelm\u00e4\u00dfig kontrolliert.<\/p>\n<p class=\"p5\">(2) Soweit unsere Dienstleister oder Partner ihren Sitz in einem Staat au\u00dferhalb der Europ\u00e4ischen Union (EU) oder des Europ\u00e4ischen Wirtschaftsraumes (EWR) haben, informieren wir Sie \u00fcber die Folgen dieses Umstands an entsprechender Stelle in dieser Datenschutzerkl\u00e4rung.<\/p>\n<p class=\"p5\"><b>\u00a7 6 VERWENDUNG VON SOCIAL MEDIA PLUGINS<\/b><\/p>\n<p class=\"p5\">Diese Website verwendet sog. \u201eSocial Plug-Ins\u201c der sozialen Netzwerke LinkedIn und Xing, welche von der<\/p>\n<ul class=\"ul1\">\n<li class=\"li5\">LinkedIn Ireland Unlimited Company, Wilton Place, Dublin 2, Irland;<\/li>\n<li class=\"li5\">New Work SE, Dammtorstra\u00dfe 30, 20354 Hamburg, Deutschland (Xing);<span class=\"Apple-converted-space\">&nbsp;<\/span><\/li>\n<\/ul>\n<p class=\"p5\">betrieben werden. Die Webseite nutzt dabei die sog. Zwei-Klick-L\u00f6sung. Das hei\u00dft, wenn Sie unsere Seite besuchen, werden zun\u00e4chst grunds\u00e4tzlich keine personenbezogenen Daten an die Anbieter der Plug-ins weitergegeben. Den Anbieter des Plug-ins erkennen Sie \u00fcber das Logo. Wir er\u00f6ffnen Ihnen die M\u00f6glichkeit, \u00fcber den Button direkt mit dem Anbieter des Plug-ins zu kommunizieren. Nur wenn Sie auf das markierte Feld klicken und es dadurch aktivieren, erh\u00e4lt der Plug-in-Anbieter die Information, dass Sie die entsprechende Website unseres Online-Angebots aufgerufen haben. Zudem werden die unter Punkt 4.1 dieser Erkl\u00e4rung genannten Daten \u00fcbermittelt. Im Fall von Facebook wird nach Angaben der jeweiligen Anbieter in Deutschland die IP-Adresse sofort nach Erhebung anonymisiert. Durch die Aktivierung des Plug-ins werden also personenbezogene Daten von Ihnen an den jeweiligen Plug-in-Anbieter \u00fcbermittelt und dort (bei US-amerikanischen Anbietern in den USA) gespeichert.<span class=\"Apple-converted-space\">&nbsp;<\/span><\/p>\n<p class=\"p5\">Wir haben weder Einfluss auf die erhobenen Daten und Datenverarbeitungsvorg\u00e4nge, noch sind uns der volle Umfang der Datenerhebung, die Zwecke der Verarbeitung, die Speicherfristen bekannt. Auch zur L\u00f6schung der erhobenen Daten durch den Plug-in-Anbieter liegen uns keine Informationen vor<\/p>\n<p class=\"p5\">Der Plug-in-Anbieter speichert die \u00fcber Sie erhobenen Daten als Nutzungsprofile und nutzt diese f\u00fcr Zwecke der Werbung, Marktforschung und\/oder bedarfsgerechten Gestaltung seiner Website. Eine solche Auswertung erfolgt insbesondere (auch f\u00fcr nicht eingeloggte Nutzer) zur Darstellung von bedarfsgerechter Werbung und um andere Nutzer des sozialen Netzwerks \u00fcber Ihre Aktivit\u00e4ten auf unserer Website zu informieren. Ihnen steht ein Widerspruchsrecht gegen die Bildung dieser Nutzerprofile zu, wobei Sie sich zur Aus\u00fcbung dessen an den jeweiligen Plug-in-Anbieter wenden m\u00fcssen. \u00dcber die Plug-ins bieten wir Ihnen die M\u00f6glichkeit, mit den sozialen Netzwerken und anderen Nutzern zu interagieren, so dass wir unser Angebot verbessern und f\u00fcr Sie als Nutzer interessanter ausgestalten k\u00f6nnen. Rechtsgrundlage f\u00fcr die Nutzung der Plug-ins ist Art. 6 Abs. 1 lit. a) DS-GVO.<\/p>\n<p class=\"p5\">Die Datenweitergabe erfolgt unabh\u00e4ngig davon, ob Sie ein Konto bei dem Plug-in-Anbieter besitzen und dort eingeloggt sind. Wenn Sie bei dem Plug-in-Anbieter eingeloggt sind, werden Ihre bei uns erhobenen Daten direkt Ihrem beim Plug-in-Anbieter bestehenden Konto zugeordnet. Wenn Sie den aktivierten Button bet\u00e4tigen und z. B. die Seite verlinken, speichert der Plug-in-Anbieter auch diese Information in Ihrem Nutzerkonto und teilt sie Ihren Kontakten \u00f6ffentlich mit. Wir empfehlen Ihnen, sich nach Nutzung eines sozialen Netzwerks regelm\u00e4\u00dfig auszuloggen, insbesondere jedoch vor Aktivierung des Buttons, da Sie so eine Zuordnung zu Ihrem Profil bei dem Plug-in-Anbieter vermeiden k\u00f6nnen.<\/p>\n<p class=\"p5\">Weitere Informationen zu Zweck und Umfang der Datenerhebung und ihrer Verarbeitung durch den Plug-in-Anbieter erhalten Sie in den im Folgenden mitgeteilten Datenschutzerkl\u00e4rungen dieser Anbieter. Dort erhalten Sie auch weitere Informationen zu Ihren diesbez\u00fcglichen Rechten und Einstellungsm\u00f6glichkeiten zum Schutze Ihrer Privatsph\u00e4re.<\/p>\n<p class=\"p5\">Adressen der jeweiligen Plug-in-Anbieter und URL mit deren Datenschutzhinweisen:<\/p>\n<p class=\"p9\"><span class=\"s3\"><a href=\"https:\/\/de.linkedin.com\/legal\/privacy-policy?trk=homepage-basic_footer-privacy-policy\">https:\/\/de.linkedin.com\/legal\/privacy-policy?trk=homepage-basic_footer-privacy-policy<\/a><\/span><\/p>\n<p class=\"p9\"><span class=\"s3\"><a href=\"https:\/\/privacy.xing.com\/de\/datenschutzerklaerung\">https:\/\/privacy.xing.com\/de\/datenschutzerklaerung<\/a><\/span><span class=\"s4\"><span class=\"Apple-converted-space\">&nbsp;<\/span><\/span><\/p>\n<p class=\"p5\"><b>\u00a7 8 LINKS<\/b><\/p>\n<p class=\"p5\">(1) Wir nutzen Links zu Inhalten auf Webseiten anderer Webseitenbetreiber.<\/p>\n<p class=\"p5\">(2) Wir haben keinen Einfluss auf die dort erhobenen Daten oder die Datenverarbeitungsverfahren, noch kennen wir den gesamten Umfang der Datenerhebung, den Zweck der Verarbeitung oder die Aufbewahrungsfristen. Wir haben auch keine Auskunft \u00fcber die L\u00f6schung der erhobenen Daten durch den verlinkten Anbieter. Wir sind insoweit datenschutzrechtlich nicht verantwortlich f\u00fcr die Datenverarbeitung auf der verlinkten Webseite.<\/p>\n<p class=\"p5\">(3) Weitere Informationen zu Zweck und Umfang der Datenerhebung und -verarbeitung durch den Webseitenbetreiber finden Sie in den nachfolgenden Datenschutzerkl\u00e4rungen. Dort finden Sie auch weitere Informationen zu Ihren diesbez\u00fcglichen Rechten und den Einstellungsm\u00f6glichkeiten zum Schutz Ihrer Privatsph\u00e4re.<\/p>\n<p class=\"p5\">(4) Adressen der jeweiligen URLs mit ihren Datenschutzhinweisen:<\/p>\n<p class=\"p9\"><span class=\"s3\"><a href=\"https:\/\/whistleblowersoftware.com\/de\/datenschutz-und-cookie-richtlinie\">https:\/\/whistleblowersoftware.com\/de\/datenschutz-und-cookie-richtlinie<\/a><\/span><span class=\"s4\"><span class=\"Apple-converted-space\">&nbsp;<\/span><\/span><\/p>\n<p class=\"p5\"><b>\u00a7 8 BEWERBUNGSUNTERLAGEN<span class=\"Apple-converted-space\">&nbsp;<\/span><\/b><\/p>\n<p class=\"p5\">(1) Sie k\u00f6nnen uns Bewerbungsunterlagen per Mail oder Post zukommen lassen.<span class=\"Apple-converted-space\">&nbsp;<\/span><\/p>\n<p class=\"p5\">(2) Ihre f\u00fcr die Kontaktaufnahme und den Bewerbungsprozess erforderlichen Daten werden zum Zwecke der Durchf\u00fchrung eines Bewerbungsverfahrens unter Beachtung der gesetzlichen Vorschriften gespeichert. Rechtsgrundlage ist dabei Art. 6 Abs.1 lit. b) DSGVO und \u00a7 26 Abs. 1 i.V.m. Abs. 8 S. 2 BDSG (Durchf\u00fchrung vorvertraglicher Ma\u00dfnahmen).<span class=\"Apple-converted-space\">&nbsp;<\/span><\/p>\n<p class=\"p5\">(3) Folgende Daten k\u00f6nnen von uns im Bewerbungsverfahren verarbeitet werden:<\/p>\n<ul class=\"ul1\">\n<li class=\"li5\">Stammdaten (Anrede, Vorname, Name, ggfs. Geburtsdatum)<span class=\"Apple-converted-space\">&nbsp;<\/span><\/li>\n<li class=\"li5\">Kontaktdaten (Anschrift, Telefon- bzw. Mobilfunknummer, private E-Mail-Adresse)<\/li>\n<li class=\"li5\">Bewerbungsdaten (z.B. Profilbild sowie weitere Dokumente wie z.B. Lebenslauf, Anschreiben, Gesamtbewerbung, Zeugnisse).<\/li>\n<\/ul>\n<p class=\"p5\">(4) Im Falle einer Einstellung werden die Daten in die Personalakte \u00fcbernommen. Informationen zur Speicherdauer erhalten Sie in den Informationen \u00fcber die Verarbeitung personenbezogener Daten unserer Besch\u00e4ftigter.<\/p>\n<p class=\"p5\">(5) Ist eine Bewerbung f\u00fcr eine konkrete Stellenausschreibung nicht erfolgreich, bleiben Ihre Daten zu Beweiszwecken jedenfalls bis zu 6 Monate nach Abschluss des Bewerbungsverfahrens zur etwaigen Geltendmachung, Aus\u00fcbung oder Verteidigung von Rechtsanspr\u00fcchen gespeichert.<span class=\"Apple-converted-space\">&nbsp;<\/span><\/p>\n<p class=\"p5\">(6) Mit Ihrer Einwilligung nehmen wir Ihre Bewerbung gerne bis auf Widerruf in unseren Bewerberpool auf. Initiativbewerbungen speichern wir f\u00fcr die Suche nach einer passenden Position f\u00fcr Sie bis auf Widerruf.<\/p>\n<p class=\"p5\">(7) Die Bereitstellung der Daten ist nicht gesetzlich oder vertraglich vorgeschrieben. Sie sind nicht verpflichtet, die Daten bereitzustellen. Bei Nichtbereitstellung der Daten ist jedoch die Durchf\u00fchrung eines Bewerbungsverfahrens und gegebenenfalls eine Einstellung nicht m\u00f6glich.<\/p>\t\t\t\t\t\t\t\t<\/div>\n\t\t\t\t<\/div>\n\t\t\t\t\t<\/div>\n\t\t<\/div>\n\t\t\t\t\t<\/div>\n\t\t<\/section>\n\t\t\t\t<\/div>","protected":false},"excerpt":{"rendered":"<p>Back to home page Date Protection Statement Data Protection Statement \u00a7 1 Information about the collection of personal data (1) The following information concerns the collection of personal data while using this website. Personal data are all data that can be personally related to you, e.g. name, address, email addresses. (2) &nbsp;The controller pursuant to [&hellip;]<\/p>","protected":false},"author":2,"featured_media":0,"parent":0,"menu_order":0,"comment_status":"closed","ping_status":"closed","template":"elementor_canvas","meta":{"site-sidebar-layout":"no-sidebar","site-content-layout":"page-builder","ast-site-content-layout":"","site-content-style":"default","site-sidebar-style":"default","ast-global-header-display":"","ast-banner-title-visibility":"","ast-main-header-display":"","ast-hfb-above-header-display":"","ast-hfb-below-header-display":"","ast-hfb-mobile-header-display":"","site-post-title":"disabled","ast-breadcrumbs-content":"","ast-featured-img":"disabled","footer-sml-layout":"","theme-transparent-header-meta":"default","adv-header-id-meta":"","stick-header-meta":"","header-above-stick-meta":"","header-main-stick-meta":"","header-below-stick-meta":"","astra-migrate-meta-layouts":"default","ast-page-background-enabled":"default","ast-page-background-meta":{"desktop":{"background-color":"var(--ast-global-color-4)","background-image":"","background-repeat":"repeat","background-position":"center center","background-size":"auto","background-attachment":"scroll","background-type":"","background-media":"","overlay-type":"","overlay-color":"","overlay-opacity":"","overlay-gradient":""},"tablet":{"background-color":"","background-image":"","background-repeat":"repeat","background-position":"center center","background-size":"auto","background-attachment":"scroll","background-type":"","background-media":"","overlay-type":"","overlay-color":"","overlay-opacity":"","overlay-gradient":""},"mobile":{"background-color":"","background-image":"","background-repeat":"repeat","background-position":"center center","background-size":"auto","background-attachment":"scroll","background-type":"","background-media":"","overlay-type":"","overlay-color":"","overlay-opacity":"","overlay-gradient":""}},"ast-content-background-meta":{"desktop":{"background-color":"var(--ast-global-color-5)","background-image":"","background-repeat":"repeat","background-position":"center center","background-size":"auto","background-attachment":"scroll","background-type":"","background-media":"","overlay-type":"","overlay-color":"","overlay-opacity":"","overlay-gradient":""},"tablet":{"background-color":"var(--ast-global-color-5)","background-image":"","background-repeat":"repeat","background-position":"center center","background-size":"auto","background-attachment":"scroll","background-type":"","background-media":"","overlay-type":"","overlay-color":"","overlay-opacity":"","overlay-gradient":""},"mobile":{"background-color":"var(--ast-global-color-5)","background-image":"","background-repeat":"repeat","background-position":"center center","background-size":"auto","background-attachment":"scroll","background-type":"","background-media":"","overlay-type":"","overlay-color":"","overlay-opacity":"","overlay-gradient":""}},"footnotes":""},"class_list":["post-2277","page","type-page","status-publish","hentry"],"_links":{"self":[{"href":"https:\/\/dev.privacy-lawyers.de\/de\/wp-json\/wp\/v2\/pages\/2277","targetHints":{"allow":["GET"]}}],"collection":[{"href":"https:\/\/dev.privacy-lawyers.de\/de\/wp-json\/wp\/v2\/pages"}],"about":[{"href":"https:\/\/dev.privacy-lawyers.de\/de\/wp-json\/wp\/v2\/types\/page"}],"author":[{"embeddable":true,"href":"https:\/\/dev.privacy-lawyers.de\/de\/wp-json\/wp\/v2\/users\/2"}],"replies":[{"embeddable":true,"href":"https:\/\/dev.privacy-lawyers.de\/de\/wp-json\/wp\/v2\/comments?post=2277"}],"version-history":[{"count":29,"href":"https:\/\/dev.privacy-lawyers.de\/de\/wp-json\/wp\/v2\/pages\/2277\/revisions"}],"predecessor-version":[{"id":2462,"href":"https:\/\/dev.privacy-lawyers.de\/de\/wp-json\/wp\/v2\/pages\/2277\/revisions\/2462"}],"wp:attachment":[{"href":"https:\/\/dev.privacy-lawyers.de\/de\/wp-json\/wp\/v2\/media?parent=2277"}],"curies":[{"name":"wp","href":"https:\/\/api.w.org\/{rel}","templated":true}]}}