{"id":2276,"date":"2021-12-07T11:16:09","date_gmt":"2021-12-07T10:16:09","guid":{"rendered":"https:\/\/dev.privacy-lawyers.de\/?page_id=2276"},"modified":"2022-01-04T10:43:35","modified_gmt":"2022-01-04T09:43:35","slug":"imprint","status":"publish","type":"page","link":"https:\/\/dev.privacy-lawyers.de\/de\/imprint\/","title":{"rendered":"Impressum"},"content":{"rendered":"<div data-elementor-type=\"wp-page\" data-elementor-id=\"2276\" class=\"elementor elementor-2276\">\n\t\t\t\t\t\t<section class=\"elementor-section elementor-top-section elementor-element elementor-element-0be66c0 elementor-section-full_width elementor-section-height-min-height elementor-section-height-default elementor-section-items-middle\" data-id=\"0be66c0\" data-element_type=\"section\" data-e-type=\"section\">\n\t\t\t\t\t\t<div class=\"elementor-container elementor-column-gap-no\">\n\t\t\t\t\t<div class=\"elementor-column elementor-col-100 elementor-top-column elementor-element elementor-element-dcbd9c7\" data-id=\"dcbd9c7\" data-element_type=\"column\" data-e-type=\"column\">\n\t\t\t<div class=\"elementor-widget-wrap elementor-element-populated\">\n\t\t\t\t\t\t<div class=\"elementor-element elementor-element-21e301e elementor-widget elementor-widget-template\" data-id=\"21e301e\" data-element_type=\"widget\" data-e-type=\"widget\" data-widget_type=\"template.default\">\n\t\t\t\t<div class=\"elementor-widget-container\">\n\t\t\t\t\t\t\t<div class=\"elementor-template\">\n\t\t\t\t\t<div data-elementor-type=\"header\" data-elementor-id=\"2100\" class=\"elementor elementor-2100\">\n\t\t<div class=\"elementor-section-wrap\">\n\t\t\t\t\t<section class=\"elementor-section elementor-top-section elementor-element elementor-element-1a404260 elementor-section-full_width elementor-section-height-min-height elementor-section-height-default elementor-section-items-middle\" data-id=\"1a404260\" data-element_type=\"section\" data-e-type=\"section\" data-settings=\"{&quot;sticky&quot;:&quot;top&quot;,&quot;sticky_on&quot;:[&quot;desktop&quot;,&quot;tablet&quot;,&quot;mobile&quot;],&quot;sticky_offset&quot;:0,&quot;sticky_effects_offset&quot;:0}\">\n\t\t\t\t\t\t<div class=\"elementor-container elementor-column-gap-no\">\n\t\t\t\t\t<div class=\"elementor-column elementor-col-50 elementor-top-column elementor-element elementor-element-17a2b983\" data-id=\"17a2b983\" data-element_type=\"column\" data-e-type=\"column\">\n\t\t\t<div class=\"elementor-widget-wrap elementor-element-populated\">\n\t\t\t\t\t\t<div class=\"elementor-element elementor-element-2085c443 logo elementor-widget elementor-widget-image\" data-id=\"2085c443\" data-element_type=\"widget\" data-e-type=\"widget\" data-widget_type=\"image.default\">\n\t\t\t\t<div class=\"elementor-widget-container\">\n\t\t\t\t\t\t\t\t\t\t\t\t\t\t\t\t<a href=\"\/de\/\">\n\t\t\t\t\t\t\t<img fetchpriority=\"high\" decoding=\"async\" width=\"678\" height=\"219\" src=\"https:\/\/dev.privacy-lawyers.de\/wp-content\/uploads\/2021\/11\/logo-privacy-lawyers.svg\" class=\"attachment-full size-full wp-image-2269\" alt=\"\" \/>\t\t\t\t\t\t\t\t<\/a>\n\t\t\t\t\t\t\t\t\t\t\t\t\t\t\t<\/div>\n\t\t\t\t<\/div>\n\t\t\t\t\t<\/div>\n\t\t<\/div>\n\t\t\t\t<div class=\"elementor-column elementor-col-50 elementor-top-column elementor-element elementor-element-d798f2d\" data-id=\"d798f2d\" data-element_type=\"column\" data-e-type=\"column\">\n\t\t\t<div class=\"elementor-widget-wrap elementor-element-populated\">\n\t\t\t\t\t\t<div class=\"elementor-element elementor-element-6b35d568 elementor-align-center elementor-widget__width-initial elementor-tablet-align-center elementor-widget-tablet__width-initial elementor-widget elementor-widget-button\" data-id=\"6b35d568\" data-element_type=\"widget\" data-e-type=\"widget\" data-widget_type=\"button.default\">\n\t\t\t\t<div class=\"elementor-widget-container\">\n\t\t\t\t\t\t\t\t\t<div class=\"elementor-button-wrapper\">\n\t\t\t\t\t<a class=\"elementor-button elementor-button-link elementor-size-md\" href=\"#contact\">\n\t\t\t\t\t\t<span class=\"elementor-button-content-wrapper\">\n\t\t\t\t\t\t\t\t\t<span class=\"elementor-button-text\">Kontakt<\/span>\n\t\t\t\t\t<\/span>\n\t\t\t\t\t<\/a>\n\t\t\t\t<\/div>\n\t\t\t\t\t\t\t\t<\/div>\n\t\t\t\t<\/div>\n\t\t\t\t\t<\/div>\n\t\t<\/div>\n\t\t\t\t\t<\/div>\n\t\t<\/section>\n\t\t\t\t<\/div>\n\t\t<\/div>\n\t\t\t\t<\/div>\n\t\t\t\t\t\t<\/div>\n\t\t\t\t<\/div>\n\t\t\t\t\t<\/div>\n\t\t<\/div>\n\t\t\t\t\t<\/div>\n\t\t<\/section>\n\t\t\t\t<section class=\"elementor-section elementor-top-section elementor-element elementor-element-8571095 elementor-section-height-min-height elementor-section-boxed elementor-section-height-default elementor-section-items-middle\" data-id=\"8571095\" data-element_type=\"section\" data-e-type=\"section\" data-settings=\"{&quot;background_background&quot;:&quot;classic&quot;}\">\n\t\t\t\t\t\t<div class=\"elementor-container elementor-column-gap-default\">\n\t\t\t\t\t<div class=\"elementor-column elementor-col-100 elementor-top-column elementor-element elementor-element-3e83933\" data-id=\"3e83933\" data-element_type=\"column\" data-e-type=\"column\">\n\t\t\t<div class=\"elementor-widget-wrap\">\n\t\t\t\t\t\t\t<\/div>\n\t\t<\/div>\n\t\t\t\t\t<\/div>\n\t\t<\/section>\n\t\t\t\t<section class=\"elementor-section elementor-top-section elementor-element elementor-element-97e0b1e elementor-section-height-min-height elementor-section-boxed elementor-section-height-default elementor-section-items-middle\" data-id=\"97e0b1e\" data-element_type=\"section\" data-e-type=\"section\">\n\t\t\t\t\t\t<div class=\"elementor-container elementor-column-gap-no\">\n\t\t\t\t\t<div class=\"elementor-column elementor-col-100 elementor-top-column elementor-element elementor-element-39eb1ed\" data-id=\"39eb1ed\" data-element_type=\"column\" data-e-type=\"column\">\n\t\t\t<div class=\"elementor-widget-wrap elementor-element-populated\">\n\t\t\t\t\t\t<div class=\"elementor-element elementor-element-631c3c4 elementor-widget elementor-widget-button\" data-id=\"631c3c4\" data-element_type=\"widget\" data-e-type=\"widget\" data-widget_type=\"button.default\">\n\t\t\t\t<div class=\"elementor-widget-container\">\n\t\t\t\t\t\t\t\t\t<div class=\"elementor-button-wrapper\">\n\t\t\t\t\t<a class=\"elementor-button elementor-button-link elementor-size-md\" href=\"https:\/\/dev.privacy-lawyers.de\/de\/\">\n\t\t\t\t\t\t<span class=\"elementor-button-content-wrapper\">\n\t\t\t\t\t\t<span class=\"elementor-button-icon\">\n\t\t\t\t<i aria-hidden=\"true\" class=\"fas fa-arrow-left\"><\/i>\t\t\t<\/span>\n\t\t\t\t\t\t\t\t\t<span class=\"elementor-button-text\">Zur\u00fcck zur Startseite<\/span>\n\t\t\t\t\t<\/span>\n\t\t\t\t\t<\/a>\n\t\t\t\t<\/div>\n\t\t\t\t\t\t\t\t<\/div>\n\t\t\t\t<\/div>\n\t\t\t\t<div class=\"elementor-element elementor-element-4d2f513 elementor-widget elementor-widget-heading\" data-id=\"4d2f513\" data-element_type=\"widget\" data-e-type=\"widget\" data-widget_type=\"heading.default\">\n\t\t\t\t<div class=\"elementor-widget-container\">\n\t\t\t\t\t<h2 class=\"elementor-heading-title elementor-size-default\"><font face=\"freigeist wide bold\">Impressum<\/font><\/h2>\t\t\t\t<\/div>\n\t\t\t\t<\/div>\n\t\t\t\t<div class=\"elementor-element elementor-element-e43bf0f elementor-widget elementor-widget-text-editor\" data-id=\"e43bf0f\" data-element_type=\"widget\" data-e-type=\"widget\" data-widget_type=\"text-editor.default\">\n\t\t\t\t<div class=\"elementor-widget-container\">\n\t\t\t\t\t\t\t\t\t<p><strong>Informationen gem\u00e4\u00df \u00a7 5 Telemediengesetz (TMG)<\/strong><\/p><p><strong>Anbieter der Seite ist <br \/><\/strong>Wodianka privacy lawyers<br \/>Dockenhudener Stra\u00dfe 12a<br \/>22587 Hamburg<br \/>Deutschland<\/p><p><a href=\"tel:+494021107860\">T+49 (0) 40 2110 786 0\u00a0<\/a><br \/>FAX\u00a0<a href=\"tel:+494021107860\">+49 (0) 40 2110 786 99<\/a><br \/>M\u00a0<a href=\"tel:+4915122659374\">+49 (0) 151 226 593 74<\/a><br \/><a href=\"mailto:contact@privacy-lawyers.de\">contact@privacy-lawyers.de<\/a><\/p><p><strong>Umsatzsteuer-Identifikationsnummer gem. \u00a727a UStG: <\/strong>42 \/ 270 \/ 02048<\/p><p><strong>Inhaltlich verantwortlich: <\/strong>Dr. Volker Wodianka, Dockenhudener Stra\u00dfe 12a, 22587 Hamburg, Germany<\/p><p><strong>Berufshaftpflichtversicherung:<\/strong> Markel Insurance SE, Sophienstr. 26, 80333 Munich<\/p><p><strong>R\u00e4umlicher Geltungsbereich:<\/strong> Europ\u00e4ische Union<\/p><p><strong>Gesetzliche Berufsbezeichnung:<\/strong> Rechtsanwalt<\/p><p><strong>Berufsbezeichnung verliehen in:<\/strong> Deutschland<\/p><p><strong>Zust\u00e4ndige Kammer:<\/strong> Hanseatische Rechtsanwaltskammer Hamburg, Valentinskamp 88, 20355 Hamburg, Tel. 040 \/ 35 74 41-0, Fax 040 \/ 35 74 41-41, E-Mail: <a href=\"mailto:info@rak-hamburg.de\">info@rak-hamburg.de<\/a><\/p><p><strong>Es gelten die folgenden berufsrechtlichen Regelungen:<\/strong><\/p><p>\u2013 Bundesrechtsanwaltsordnung (BRAO)<\/p><p>\u2013 Rechtsanwaltsverg\u00fctungsgesetz (RVG)<\/p><p>\u2013 Berufsordnung f\u00fcr Rechtsanw\u00e4lte (BORA)<\/p><p>\u2013 Berufsregeln der Rechtsanw\u00e4lte der Europ\u00e4ischen Gemeinschaft (CCBE-Berufsregeln)<\/p><p>\u2013 Gesetz \u00fcber die T\u00e4tigkeit europ\u00e4ischer Rechtsanw\u00e4lte in Deutschland (EuRAG)<\/p><p><strong>Die vorstehenden Regelungen k\u00f6nnen hier eingesehen werden <a href=\"https:\/\/brak.de\/\">https:\/\/brak.de\/<\/a>.<\/strong><\/p><p>Die EU-Kommission hat eine Internetplattform zur Online-Beilegung von Streitigkeiten (OS-Plattform) zwischen Unternehmen und Verbrauchern eingerichtet. Die OS-Plattform ist erreichbar unter https:\/\/ec.europa.eu\/consumers\/odr\/ .<\/p><p>Wir sind nicht bereit und nicht verpflichtet, an einem Streitbeilegungsverfahren vor einer Verbraucherschlichtungsstelle teilzunehmen. \u00a0<\/p>\t\t\t\t\t\t\t\t<\/div>\n\t\t\t\t<\/div>\n\t\t\t\t\t<\/div>\n\t\t<\/div>\n\t\t\t\t\t<\/div>\n\t\t<\/section>\n\t\t\t\t<\/div>","protected":false},"excerpt":{"rendered":"<p>Back to home page Imprint Information according to \u00a7 5 Telemedia Act (TMG). Provider of the site is: Wodianka privacy lawyersDockenhudener Stra\u00dfe 12a22587 HamburgGermany T+49 (0) 40 2110 786 0\u00a0FAX\u00a0+49 (0) 40 2110 786 99M\u00a0+49 (0) 151 226 593 74contact@privacy-lawyers.de Tax identification number according to \u00a727a UStG: 42 \/ 270 \/ 02048 Responsible for content: [&hellip;]<\/p>","protected":false},"author":2,"featured_media":0,"parent":0,"menu_order":0,"comment_status":"closed","ping_status":"closed","template":"elementor_canvas","meta":{"site-sidebar-layout":"no-sidebar","site-content-layout":"page-builder","ast-site-content-layout":"","site-content-style":"default","site-sidebar-style":"default","ast-global-header-display":"","ast-banner-title-visibility":"","ast-main-header-display":"","ast-hfb-above-header-display":"","ast-hfb-below-header-display":"","ast-hfb-mobile-header-display":"","site-post-title":"disabled","ast-breadcrumbs-content":"","ast-featured-img":"disabled","footer-sml-layout":"","theme-transparent-header-meta":"default","adv-header-id-meta":"","stick-header-meta":"","header-above-stick-meta":"","header-main-stick-meta":"","header-below-stick-meta":"","astra-migrate-meta-layouts":"default","ast-page-background-enabled":"default","ast-page-background-meta":{"desktop":{"background-color":"var(--ast-global-color-4)","background-image":"","background-repeat":"repeat","background-position":"center center","background-size":"auto","background-attachment":"scroll","background-type":"","background-media":"","overlay-type":"","overlay-color":"","overlay-opacity":"","overlay-gradient":""},"tablet":{"background-color":"","background-image":"","background-repeat":"repeat","background-position":"center center","background-size":"auto","background-attachment":"scroll","background-type":"","background-media":"","overlay-type":"","overlay-color":"","overlay-opacity":"","overlay-gradient":""},"mobile":{"background-color":"","background-image":"","background-repeat":"repeat","background-position":"center center","background-size":"auto","background-attachment":"scroll","background-type":"","background-media":"","overlay-type":"","overlay-color":"","overlay-opacity":"","overlay-gradient":""}},"ast-content-background-meta":{"desktop":{"background-color":"var(--ast-global-color-5)","background-image":"","background-repeat":"repeat","background-position":"center center","background-size":"auto","background-attachment":"scroll","background-type":"","background-media":"","overlay-type":"","overlay-color":"","overlay-opacity":"","overlay-gradient":""},"tablet":{"background-color":"var(--ast-global-color-5)","background-image":"","background-repeat":"repeat","background-position":"center center","background-size":"auto","background-attachment":"scroll","background-type":"","background-media":"","overlay-type":"","overlay-color":"","overlay-opacity":"","overlay-gradient":""},"mobile":{"background-color":"var(--ast-global-color-5)","background-image":"","background-repeat":"repeat","background-position":"center center","background-size":"auto","background-attachment":"scroll","background-type":"","background-media":"","overlay-type":"","overlay-color":"","overlay-opacity":"","overlay-gradient":""}},"footnotes":""},"class_list":["post-2276","page","type-page","status-publish","hentry"],"_links":{"self":[{"href":"https:\/\/dev.privacy-lawyers.de\/de\/wp-json\/wp\/v2\/pages\/2276","targetHints":{"allow":["GET"]}}],"collection":[{"href":"https:\/\/dev.privacy-lawyers.de\/de\/wp-json\/wp\/v2\/pages"}],"about":[{"href":"https:\/\/dev.privacy-lawyers.de\/de\/wp-json\/wp\/v2\/types\/page"}],"author":[{"embeddable":true,"href":"https:\/\/dev.privacy-lawyers.de\/de\/wp-json\/wp\/v2\/users\/2"}],"replies":[{"embeddable":true,"href":"https:\/\/dev.privacy-lawyers.de\/de\/wp-json\/wp\/v2\/comments?post=2276"}],"version-history":[{"count":11,"href":"https:\/\/dev.privacy-lawyers.de\/de\/wp-json\/wp\/v2\/pages\/2276\/revisions"}],"predecessor-version":[{"id":2469,"href":"https:\/\/dev.privacy-lawyers.de\/de\/wp-json\/wp\/v2\/pages\/2276\/revisions\/2469"}],"wp:attachment":[{"href":"https:\/\/dev.privacy-lawyers.de\/de\/wp-json\/wp\/v2\/media?parent=2276"}],"curies":[{"name":"wp","href":"https:\/\/api.w.org\/{rel}","templated":true}]}}